{"id":17,"date":"2019-11-30T19:28:54","date_gmt":"2019-11-30T18:28:54","guid":{"rendered":"http:\/\/abenheim-adventsfenster.de\/?page_id=17"},"modified":"2025-11-30T02:35:38","modified_gmt":"2025-11-30T01:35:38","slug":"presse","status":"publish","type":"page","link":"http:\/\/abenheim-adventsfenster.de\/?page_id=17","title":{"rendered":"Presse"},"content":{"rendered":"\n<p>Hier finden Sie \u00f6ffentlichen Beitr\u00e4ge und Pressemitteilungen \u00fcber die Abenheimer Adventsfenster.<\/p>\n\n\n<ul class=\"wp-block-latest-posts__list has-dates wp-block-latest-posts has-medium-font-size\"><li><a class=\"wp-block-latest-posts__post-title\" href=\"http:\/\/abenheim-adventsfenster.de\/?p=277\">Wormser Zeitung<\/a><time datetime=\"2022-11-28T02:29:00+01:00\" class=\"wp-block-latest-posts__post-date\">28. November 2022<\/time><div class=\"wp-block-latest-posts__post-full-content\"><!-- wp:paragraph -->\n<p><a href=\"https:\/\/www.wormser-zeitung.de\/lokales\/worms\/worms-abenheim\/die-adventsfenster-aktion-in-abenheim-ist-ein-renner-2124874\">https:\/\/www.wormser-zeitung.de\/lokales\/worms\/worms-abenheim\/die-adventsfenster-aktion-in-abenheim-ist-ein-renner-2124874<\/a><\/p>\n<!-- \/wp:paragraph -->\n\n<!-- wp:paragraph -->\n<p><\/p>\n<!-- \/wp:paragraph --><\/div><\/li>\n<li><a class=\"wp-block-latest-posts__post-title\" href=\"http:\/\/abenheim-adventsfenster.de\/?p=275\">Nibelungen Kurier<\/a><time datetime=\"2018-11-29T02:25:00+01:00\" class=\"wp-block-latest-posts__post-date\">29. November 2018<\/time><div class=\"wp-block-latest-posts__post-full-content\"><!-- wp:paragraph -->\n<p><a href=\"https:\/\/nibelungen-kurier.de\/sicher-durch-die-luefte-schweben\">https:\/\/nibelungen-kurier.de\/sicher-durch-die-luefte-schweben<\/a><\/p>\n<!-- \/wp:paragraph --><\/div><\/li>\n<\/ul>","protected":false},"excerpt":{"rendered":"<p>Hier finden Sie \u00f6ffentlichen Beitr\u00e4ge und Pressemitteilungen \u00fcber die Abenheimer Adventsfenster.<\/p>\n","protected":false},"author":1,"featured_media":0,"parent":0,"menu_order":3,"comment_status":"closed","ping_status":"closed","template":"","meta":{"footnotes":""},"folder":[],"class_list":["post-17","page","type-page","status-publish","hentry"],"_links":{"self":[{"href":"http:\/\/abenheim-adventsfenster.de\/index.php?rest_route=\/wp\/v2\/pages\/17","targetHints":{"allow":["GET"]}}],"collection":[{"href":"http:\/\/abenheim-adventsfenster.de\/index.php?rest_route=\/wp\/v2\/pages"}],"about":[{"href":"http:\/\/abenheim-adventsfenster.de\/index.php?rest_route=\/wp\/v2\/types\/page"}],"author":[{"embeddable":true,"href":"http:\/\/abenheim-adventsfenster.de\/index.php?rest_route=\/wp\/v2\/users\/1"}],"replies":[{"embeddable":true,"href":"http:\/\/abenheim-adventsfenster.de\/index.php?rest_route=%2Fwp%2Fv2%2Fcomments&post=17"}],"version-history":[{"count":4,"href":"http:\/\/abenheim-adventsfenster.de\/index.php?rest_route=\/wp\/v2\/pages\/17\/revisions"}],"predecessor-version":[{"id":282,"href":"http:\/\/abenheim-adventsfenster.de\/index.php?rest_route=\/wp\/v2\/pages\/17\/revisions\/282"}],"wp:attachment":[{"href":"http:\/\/abenheim-adventsfenster.de\/index.php?rest_route=%2Fwp%2Fv2%2Fmedia&parent=17"}],"wp:term":[{"taxonomy":"folder","embeddable":true,"href":"http:\/\/abenheim-adventsfenster.de\/index.php?rest_route=%2Fwp%2Fv2%2Ffolder&post=17"}],"curies":[{"name":"wp","href":"https:\/\/api.w.org\/{rel}","templated":true}]}}